{"id":1228,"date":"2021-08-20T20:02:59","date_gmt":"2021-08-21T00:02:59","guid":{"rendered":"https:\/\/maintenance.plantenance.com\/?page_id=1228"},"modified":"2021-08-20T20:09:51","modified_gmt":"2021-08-21T00:09:51","slug":"privacy-policy","status":"publish","type":"page","link":"https:\/\/maintenance.plantenance.com\/fr\/privacy-policy\/","title":{"rendered":"Politique de confidentialit\u00e9"},"content":{"rendered":"<div data-elementor-type=\"wp-page\" data-elementor-id=\"1228\" class=\"elementor elementor-1228\" data-elementor-post-type=\"page\">\n\t\t\t\t\t\t<section class=\"elementor-section elementor-top-section elementor-element elementor-element-7771af9 elementor-section-boxed elementor-section-height-default elementor-section-height-default\" data-id=\"7771af9\" data-element_type=\"section\">\n\t\t\t\t\t\t<div class=\"elementor-container elementor-column-gap-default\">\n\t\t\t\t\t<div class=\"elementor-column elementor-col-100 elementor-top-column elementor-element elementor-element-379dd2b\" data-id=\"379dd2b\" data-element_type=\"column\">\n\t\t\t<div class=\"elementor-widget-wrap elementor-element-populated\">\n\t\t\t\t\t\t<div class=\"elementor-element elementor-element-d1d0b74 elementor-widget elementor-widget-heading\" data-id=\"d1d0b74\" data-element_type=\"widget\" data-widget_type=\"heading.default\">\n\t\t\t\t<div class=\"elementor-widget-container\">\n\t\t\t\t\t<h1 class=\"elementor-heading-title elementor-size-default\">Politique de confidentialit\u00e9<\/h1>\t\t\t\t<\/div>\n\t\t\t\t<\/div>\n\t\t\t\t<div class=\"elementor-element elementor-element-a9902fd elementor-widget elementor-widget-text-editor\" data-id=\"a9902fd\" data-element_type=\"widget\" data-widget_type=\"text-editor.default\">\n\t\t\t\t<div class=\"elementor-widget-container\">\n\t\t\t\t\t\t\t\t\t<p><strong>Politique de confidentialit\u00e9 - Plantenance Landscape Group<\/strong><\/p><p>Nous respectons votre vie priv\u00e9e et nous nous engageons \u00e0 la prot\u00e9ger en nous conformant \u00e0 la pr\u00e9sente politique de confidentialit\u00e9 (\"Politique\"). Cette politique d\u00e9crit les types d'informations que nous pouvons recueillir aupr\u00e8s de vous ou que vous pouvez fournir (\"Informations personnelles\") sur le site web maintenance.plantenance.com (\"Site web\" ou \"Service\") et tous ses produits et services connexes (collectivement, \"Services\"), ainsi que nos pratiques en mati\u00e8re de collecte, d'utilisation, de maintenance, de protection et de divulgation de ces Informations personnelles. Elle d\u00e9crit \u00e9galement les choix qui s'offrent \u00e0 vous concernant l'utilisation de vos informations personnelles et la mani\u00e8re dont vous pouvez y acc\u00e9der et les mettre \u00e0 jour.<br \/>La pr\u00e9sente politique constitue un accord juridiquement contraignant entre vous (\"Utilisateur\", \"vous\" ou \"votre\") et l'op\u00e9rateur de ce site web (\"Op\u00e9rateur\", \"nous\", \"notre\" ou \"nos\"). Si vous concluez le pr\u00e9sent accord au nom d'une entreprise ou d'une autre entit\u00e9 juridique, vous d\u00e9clarez que vous avez le pouvoir de lier cette entit\u00e9 au pr\u00e9sent accord, auquel cas les termes \"Utilisateur\", \"vous\" ou \"votre\" se r\u00e9f\u00e8rent \u00e0 cette entit\u00e9. Si vous n'avez pas cette autorit\u00e9 ou si vous n'\u00eates pas d'accord avec les termes de cet accord, vous ne devez pas accepter cet accord et ne pouvez pas acc\u00e9der et utiliser le site web et les services. En acc\u00e9dant au site web et aux services et en les utilisant, vous reconnaissez avoir lu, compris et accept\u00e9 d'\u00eatre li\u00e9 par les termes de la pr\u00e9sente politique. La pr\u00e9sente politique ne s'applique pas aux pratiques des entreprises que nous ne poss\u00e9dons pas ou ne contr\u00f4lons pas, ni aux personnes que nous n'employons pas ou ne g\u00e9rons pas.<\/p><p><br \/><strong>Collecte automatique d'informations<\/strong><\/p><p>Lorsque vous ouvrez le site web, nos serveurs enregistrent automatiquement les informations envoy\u00e9es par votre navigateur. Ces donn\u00e9es peuvent inclure des informations telles que l'adresse IP de votre appareil, le type et la version de votre navigateur, le type et la version de votre syst\u00e8me d'exploitation, vos pr\u00e9f\u00e9rences linguistiques ou la page web que vous visitiez avant d'acc\u00e9der au site web et aux services, les pages du site web et des services que vous visitez, le temps pass\u00e9 sur ces pages, les informations que vous recherchez sur le site web, les heures et les dates d'acc\u00e8s, et d'autres statistiques.<\/p><p>Les informations collect\u00e9es automatiquement ne sont utilis\u00e9es que pour identifier des cas potentiels d'abus et \u00e9tablir des informations statistiques concernant l'utilisation et le trafic du site web et des services. Ces informations statistiques ne sont pas agr\u00e9g\u00e9es d'une mani\u00e8re qui permettrait d'identifier un utilisateur particulier du syst\u00e8me.<\/p><p><strong>Collecte d'informations personnelles<\/strong><\/p><p>Vous pouvez acc\u00e9der au site web et aux services et les utiliser sans nous dire qui vous \u00eates ni r\u00e9v\u00e9ler d'informations permettant de vous identifier en tant qu'individu sp\u00e9cifique et identifiable. Toutefois, si vous souhaitez utiliser certaines des fonctions offertes sur le site web, il se peut que l'on vous demande de fournir certaines informations personnelles (par exemple, votre nom et votre adresse \u00e9lectronique).<br \/>Nous recevons et conservons toutes les informations que vous nous fournissez sciemment lorsque vous remplissez un formulaire sur le site web. Lorsque cela est n\u00e9cessaire, ces informations peuvent inclure les \u00e9l\u00e9ments suivants :<\/p><p>- Informations de contact (telles que l'adresse \u00e9lectronique, le num\u00e9ro de t\u00e9l\u00e9phone, etc.)<br \/>- Informations personnelles de base (nom, pays de r\u00e9sidence, etc.)<br \/>Certaines des informations que nous recueillons proviennent directement de vous via le site web et les services. Toutefois, nous pouvons \u00e9galement recueillir des informations personnelles vous concernant aupr\u00e8s d'autres sources, telles que des bases de donn\u00e9es publiques et nos partenaires de marketing commun.<\/p><p>Vous pouvez choisir de ne pas nous fournir vos informations personnelles, mais il se peut alors que vous ne puissiez pas profiter de certaines fonctionnalit\u00e9s du site web. Les utilisateurs qui ne savent pas quelles informations sont obligatoires sont invit\u00e9s \u00e0 nous contacter.<\/p><p><strong>Vie priv\u00e9e des enfants<\/strong><\/p><p>Nous ne collectons pas sciemment d'informations personnelles aupr\u00e8s d'enfants de moins de 18 ans. Si vous avez moins de 18 ans, veuillez ne pas soumettre d'informations personnelles par l'interm\u00e9diaire du site web et des services. Si vous avez des raisons de croire qu'un enfant de moins de 18 ans nous a fourni des informations personnelles par l'interm\u00e9diaire du site web et des services, veuillez nous contacter pour nous demander de supprimer les informations personnelles de cet enfant de nos services.<br \/>Nous encourageons les parents et les tuteurs l\u00e9gaux \u00e0 surveiller l'utilisation d'Internet par leurs enfants et \u00e0 contribuer \u00e0 l'application de la pr\u00e9sente politique en demandant \u00e0 leurs enfants de ne jamais fournir d'informations personnelles par l'interm\u00e9diaire du site web et des services sans leur autorisation. Nous demandons \u00e9galement \u00e0 tous les parents et tuteurs l\u00e9gaux qui s'occupent d'enfants de prendre les pr\u00e9cautions n\u00e9cessaires pour s'assurer que leurs enfants sont inform\u00e9s qu'ils ne doivent jamais communiquer d'informations personnelles en ligne sans leur autorisation.<\/p><p><strong>Utilisation et traitement des informations collect\u00e9es<\/strong><\/p><p>Nous agissons en tant que contr\u00f4leur de donn\u00e9es et sous-traitant de donn\u00e9es lorsque nous traitons des informations personnelles, sauf si nous avons conclu un accord de traitement de donn\u00e9es avec vous, auquel cas vous seriez le contr\u00f4leur de donn\u00e9es et nous serions le sous-traitant de donn\u00e9es.<\/p><p>Notre r\u00f4le peut \u00e9galement varier en fonction de la situation sp\u00e9cifique impliquant des informations personnelles. Nous agissons en qualit\u00e9 de responsable du traitement des donn\u00e9es lorsque nous vous demandons de soumettre vos informations personnelles qui sont n\u00e9cessaires pour assurer votre acc\u00e8s et votre utilisation du site web et des services. Dans ce cas, nous sommes un contr\u00f4leur de donn\u00e9es parce que nous d\u00e9terminons les objectifs et les moyens du traitement des informations personnelles.<\/p><p>Nous agissons en qualit\u00e9 de responsable du traitement des donn\u00e9es lorsque vous soumettez des informations personnelles par l'interm\u00e9diaire du site web et des services. Nous ne poss\u00e9dons pas, ne contr\u00f4lons pas et ne prenons pas de d\u00e9cisions concernant les informations personnelles soumises, et ces informations personnelles ne sont trait\u00e9es que conform\u00e9ment \u00e0 vos instructions. Dans ce cas, l'utilisateur qui fournit les informations personnelles agit en tant que responsable du traitement des donn\u00e9es.<\/p><p>Afin de mettre le site web et les services \u00e0 votre disposition, ou pour r\u00e9pondre \u00e0 une obligation l\u00e9gale, nous pouvons avoir besoin de collecter et d'utiliser certaines informations personnelles. Si vous ne fournissez pas les informations que nous demandons, il se peut que nous ne soyons pas en mesure de vous fournir les produits ou services demand\u00e9s. Les informations que nous recueillons aupr\u00e8s de vous peuvent \u00eatre utilis\u00e9es aux fins suivantes :<\/p><p>- R\u00e9pondre aux demandes de renseignements et offrir un soutien<br \/>- g\u00e9rer et exploiter le site web et les services<br \/>Le traitement de vos informations personnelles d\u00e9pend de la mani\u00e8re dont vous interagissez avec le site web et les services, de l'endroit o\u00f9 vous vous trouvez dans le monde et de l'application de l'une des conditions suivantes : (i) vous avez donn\u00e9 votre consentement pour une ou plusieurs finalit\u00e9s sp\u00e9cifiques ; (ii) la fourniture d'informations est n\u00e9cessaire \u00e0 l'ex\u00e9cution d'un accord conclu avec vous et\/ou de toute obligation pr\u00e9contractuelle y aff\u00e9rente ; (iii) le traitement est n\u00e9cessaire au respect d'une obligation l\u00e9gale \u00e0 laquelle vous \u00eates soumis ; (iv) le traitement est li\u00e9 \u00e0 une t\u00e2che effectu\u00e9e dans l'int\u00e9r\u00eat public ou dans l'exercice de l'autorit\u00e9 officielle dont nous sommes investis ; (v) le traitement est n\u00e9cessaire aux fins des int\u00e9r\u00eats l\u00e9gitimes poursuivis par nous ou par un tiers.<\/p><p>Notez qu'en vertu de certaines l\u00e9gislations, nous pouvons \u00eatre autoris\u00e9s \u00e0 traiter des informations jusqu'\u00e0 ce que vous vous opposiez \u00e0 ce traitement en vous d\u00e9sinscrivant, sans avoir \u00e0 nous appuyer sur le consentement ou toute autre base juridique. Dans tous les cas, nous serons heureux de clarifier la base juridique sp\u00e9cifique qui s'applique au traitement, et en particulier si la fourniture d'informations personnelles est une exigence l\u00e9gale ou contractuelle, ou une exigence n\u00e9cessaire \u00e0 la conclusion d'un contrat.<\/p><p><strong>Divulgation d'informations<\/strong><\/p><p>En fonction des services demand\u00e9s ou si cela est n\u00e9cessaire pour mener \u00e0 bien une transaction ou fournir un service que vous avez demand\u00e9, nous pouvons partager vos informations avec nos soci\u00e9t\u00e9s affili\u00e9es, nos soci\u00e9t\u00e9s sous contrat et nos prestataires de services (collectivement, les \"prestataires de services\") auxquels nous faisons appel pour nous aider \u00e0 exploiter le site web et les services qui vous sont propos\u00e9s et dont les politiques de confidentialit\u00e9 sont compatibles avec les n\u00f4tres ou qui acceptent de se conformer \u00e0 nos politiques en mati\u00e8re d'informations \u00e0 caract\u00e8re personnel. Nous ne partagerons aucune information personnelle identifiable avec des tiers et nous ne partagerons aucune information avec des tiers non affili\u00e9s.<\/p><p>Les prestataires de services ne sont pas autoris\u00e9s \u00e0 utiliser ou \u00e0 divulguer vos informations, sauf si cela est n\u00e9cessaire pour fournir des services en notre nom ou pour se conformer \u00e0 des exigences l\u00e9gales. Les prestataires de services re\u00e7oivent les informations dont ils ont besoin uniquement pour remplir les fonctions qui leur ont \u00e9t\u00e9 attribu\u00e9es, et nous ne les autorisons pas \u00e0 utiliser ou \u00e0 divulguer les informations fournies \u00e0 leurs propres fins de marketing ou \u00e0 d'autres fins.<\/p><p><strong>Conservation des informations<\/strong><\/p><p>Nous conserverons et utiliserons vos informations personnelles pendant la p\u00e9riode n\u00e9cessaire pour nous conformer \u00e0 nos obligations l\u00e9gales, pour faire appliquer nos accords, pour r\u00e9soudre les litiges, et \u00e0 moins qu'une p\u00e9riode de conservation plus longue ne soit requise ou autoris\u00e9e par la loi.<\/p><p>Nous pouvons utiliser toute donn\u00e9e agr\u00e9g\u00e9e d\u00e9riv\u00e9e de vos informations personnelles ou les incorporant apr\u00e8s que vous les avez mises \u00e0 jour ou supprim\u00e9es, mais pas d'une mani\u00e8re qui permettrait de vous identifier personnellement. \u00c0 l'expiration de la p\u00e9riode de conservation, les informations personnelles sont supprim\u00e9es. Par cons\u00e9quent, le droit d'acc\u00e8s, le droit d'effacement, le droit de rectification et le droit \u00e0 la portabilit\u00e9 des donn\u00e9es ne peuvent \u00eatre appliqu\u00e9s apr\u00e8s l'expiration de la p\u00e9riode de conservation.<\/p><p><strong>Analyse des donn\u00e9es<\/strong><\/p><p>Notre site web et nos services peuvent utiliser des outils d'analyse de tiers qui utilisent des cookies, des balises web ou d'autres technologies de collecte d'informations similaires pour recueillir des informations standard sur l'activit\u00e9 et l'utilisation d'Internet. Les informations recueillies sont utilis\u00e9es pour compiler des rapports statistiques sur l'activit\u00e9 des utilisateurs, tels que la fr\u00e9quence \u00e0 laquelle les utilisateurs visitent notre site web et nos services, les pages qu'ils visitent et la dur\u00e9e de leur visite, etc. Nous utilisons les informations obtenues gr\u00e2ce \u00e0 ces outils d'analyse pour contr\u00f4ler les performances et am\u00e9liorer notre site web et nos services. Nous utilisons les informations obtenues \u00e0 partir de ces outils d'analyse pour contr\u00f4ler les performances et am\u00e9liorer notre site web et nos services. Nous n'utilisons pas d'outils d'analyse tiers pour suivre ou collecter des informations personnellement identifiables de nos utilisateurs et nous n'associerons pas les informations collect\u00e9es \u00e0 partir des rapports statistiques \u00e0 un utilisateur individuel.<\/p><p><strong>Signaux \"Ne pas suivre\" (Do Not Track)<\/strong><\/p><p>Certains navigateurs int\u00e8grent une fonction \"Ne pas suivre\" qui signale aux sites web que vous visitez que vous ne souhaitez pas que votre activit\u00e9 en ligne soit suivie. Le suivi n'est pas la m\u00eame chose que l'utilisation ou la collecte d'informations en rapport avec un site web. \u00c0 ces fins, le suivi fait r\u00e9f\u00e9rence \u00e0 la collecte d'informations personnellement identifiables aupr\u00e8s des consommateurs qui utilisent ou visitent un site web ou un service en ligne lorsqu'ils se d\u00e9placent sur diff\u00e9rents sites web au fil du temps. Le site web et les services ne suivent pas leurs visiteurs dans le temps et sur les sites web de tiers. Toutefois, certains sites web tiers peuvent garder trace de vos activit\u00e9s de navigation lorsqu'ils vous proposent du contenu, ce qui leur permet d'adapter ce qu'ils vous pr\u00e9sentent.<\/p><p><strong>Liens vers d'autres ressources<\/strong><\/p><p>Le site web et les services contiennent des liens vers d'autres ressources qui ne sont pas d\u00e9tenues ou contr\u00f4l\u00e9es par nous. Sachez que nous ne sommes pas responsables des pratiques en mati\u00e8re de protection de la vie priv\u00e9e de ces autres ressources ou tiers. Nous vous encourageons \u00e0 \u00eatre vigilant lorsque vous quittez le site web et les services et \u00e0 lire les d\u00e9clarations de confidentialit\u00e9 de chaque ressource susceptible de collecter des informations personnelles.<\/p><p><strong>S\u00e9curit\u00e9 de l'information<\/strong><\/p><p>Nous conservons les informations que vous fournissez sur des serveurs informatiques dans un environnement contr\u00f4l\u00e9 et s\u00e9curis\u00e9, \u00e0 l'abri de tout acc\u00e8s, utilisation ou divulgation non autoris\u00e9s. Nous maintenons des mesures de protection administratives, techniques et physiques raisonnables afin d'emp\u00eacher l'acc\u00e8s, l'utilisation, la modification et la divulgation non autoris\u00e9s des informations personnelles dont nous avons le contr\u00f4le et la garde. Toutefois, aucune transmission de donn\u00e9es sur Internet ou sur un r\u00e9seau sans fil ne peut \u00eatre garantie.<\/p><p>Par cons\u00e9quent, bien que nous nous efforcions de prot\u00e9ger vos informations personnelles, vous reconnaissez que (i) il existe des limites \u00e0 la s\u00e9curit\u00e9 et \u00e0 la confidentialit\u00e9 de l'internet qui \u00e9chappent \u00e0 notre contr\u00f4le ; (ii) la s\u00e9curit\u00e9, l'int\u00e9grit\u00e9 et la confidentialit\u00e9 de toutes les informations et donn\u00e9es \u00e9chang\u00e9es entre vous et le site web et les services ne peuvent \u00eatre garanties ; et (iii) ces informations et donn\u00e9es peuvent \u00eatre consult\u00e9es ou alt\u00e9r\u00e9es en cours de route par un tiers, malgr\u00e9 tous les efforts d\u00e9ploy\u00e9s.<\/p><p><strong>Violation de donn\u00e9es<\/strong><\/p><p>Si nous apprenons que la s\u00e9curit\u00e9 du site web et des services a \u00e9t\u00e9 compromise ou que les informations personnelles des utilisateurs ont \u00e9t\u00e9 divulgu\u00e9es \u00e0 des tiers non li\u00e9s \u00e0 la suite d'une activit\u00e9 externe, y compris, mais sans s'y limiter, des attaques de s\u00e9curit\u00e9 ou une fraude, nous nous r\u00e9servons le droit de prendre des mesures raisonnablement appropri\u00e9es, y compris, mais sans s'y limiter, une enqu\u00eate et un rapport, ainsi qu'une notification aux autorit\u00e9s charg\u00e9es de l'application de la loi et une coop\u00e9ration avec ces derni\u00e8res. En cas de violation de donn\u00e9es, nous ferons des efforts raisonnables pour notifier les personnes concern\u00e9es si nous pensons qu'il existe un risque raisonnable de pr\u00e9judice pour l'utilisateur \u00e0 la suite de la violation ou si la notification est autrement requise par la loi. Dans ce cas, nous publierons un avis sur le site web, nous vous enverrons un courrier \u00e9lectronique.<\/p><p><strong>Changements et modifications<\/strong><\/p><p>Nous nous r\u00e9servons le droit de modifier la pr\u00e9sente politique ou les conditions relatives au site web et aux services \u00e0 tout moment et \u00e0 notre discr\u00e9tion. Le cas \u00e9ch\u00e9ant, nous indiquerons la date de mise \u00e0 jour au bas de cette page. Nous pouvons \u00e9galement vous informer par d'autres moyens, \u00e0 notre discr\u00e9tion, tels que les coordonn\u00e9es que vous nous avez fournies.<\/p><p>Une version mise \u00e0 jour de la pr\u00e9sente politique entrera en vigueur imm\u00e9diatement apr\u00e8s la publication de la politique r\u00e9vis\u00e9e, sauf indication contraire. En continuant \u00e0 utiliser le site web et les services apr\u00e8s la date d'entr\u00e9e en vigueur de la politique r\u00e9vis\u00e9e (ou de tout autre acte sp\u00e9cifi\u00e9 \u00e0 ce moment-l\u00e0), vous consentez \u00e0 ces changements. Toutefois, nous n'utiliserons pas, sans votre consentement, vos informations personnelles d'une mani\u00e8re mat\u00e9riellement diff\u00e9rente de ce qui \u00e9tait indiqu\u00e9 au moment o\u00f9 vos informations personnelles ont \u00e9t\u00e9 collect\u00e9es.<\/p><p><strong>Acceptation de cette politique<\/strong><\/p><p>Vous reconnaissez avoir lu la pr\u00e9sente politique et en accepter tous les termes et conditions. En acc\u00e9dant au site web et aux services, en les utilisant et en soumettant vos informations, vous acceptez d'\u00eatre li\u00e9 par la pr\u00e9sente politique. Si vous n'acceptez pas de respecter les conditions de la pr\u00e9sente politique, vous n'\u00eates pas autoris\u00e9 \u00e0 acc\u00e9der au site web et aux services ou \u00e0 les utiliser. Cette politique de confidentialit\u00e9 a \u00e9t\u00e9 cr\u00e9\u00e9e \u00e0 l'aide du g\u00e9n\u00e9rateur de politique de confidentialit\u00e9.<\/p><p><strong>Nous contacter<\/strong><\/p><p>Si vous avez des questions, des pr\u00e9occupations ou des plaintes concernant la pr\u00e9sente politique ou les informations que nous d\u00e9tenons \u00e0 votre sujet, ou si vous souhaitez exercer vos droits, nous vous encourageons \u00e0 nous contacter en utilisant les coordonn\u00e9es ci-dessous :<\/p><p>http:\/\/maintenance.plantenance.com<br \/>Nous nous efforcerons de r\u00e9soudre les plaintes et les litiges et ferons tous les efforts raisonnables pour r\u00e9pondre \u00e0 votre souhait d'exercer vos droits le plus rapidement possible et, en tout \u00e9tat de cause, dans les d\u00e9lais pr\u00e9vus par les lois applicables en mati\u00e8re de protection des donn\u00e9es.<\/p>\t\t\t\t\t\t\t\t<\/div>\n\t\t\t\t<\/div>\n\t\t\t\t\t<\/div>\n\t\t<\/div>\n\t\t\t\t\t<\/div>\n\t\t<\/section>\n\t\t\t\t<\/div>","protected":false},"excerpt":{"rendered":"<p>Politique de confidentialit\u00e9 Politique de confidentialit\u00e9 - Plantenance Landscape Group Nous respectons votre vie priv\u00e9e et nous nous engageons \u00e0 la prot\u00e9ger en nous conformant \u00e0 cette politique de confidentialit\u00e9 (\"Politique\"). Cette politique d\u00e9crit les types d'informations que nous pouvons recueillir aupr\u00e8s de vous ou que vous pouvez fournir (\"Informations personnelles\") sur le site web maintenance.plantenance.com (\"Site web\" ou \"Service\") et tout [...]<\/p>","protected":false},"author":4,"featured_media":0,"parent":0,"menu_order":0,"comment_status":"closed","ping_status":"closed","template":"","meta":{"footnotes":""},"class_list":["post-1228","page","type-page","status-publish","hentry"],"_links":{"self":[{"href":"https:\/\/maintenance.plantenance.com\/fr\/wp-json\/wp\/v2\/pages\/1228","targetHints":{"allow":["GET"]}}],"collection":[{"href":"https:\/\/maintenance.plantenance.com\/fr\/wp-json\/wp\/v2\/pages"}],"about":[{"href":"https:\/\/maintenance.plantenance.com\/fr\/wp-json\/wp\/v2\/types\/page"}],"author":[{"embeddable":true,"href":"https:\/\/maintenance.plantenance.com\/fr\/wp-json\/wp\/v2\/users\/4"}],"replies":[{"embeddable":true,"href":"https:\/\/maintenance.plantenance.com\/fr\/wp-json\/wp\/v2\/comments?post=1228"}],"version-history":[{"count":0,"href":"https:\/\/maintenance.plantenance.com\/fr\/wp-json\/wp\/v2\/pages\/1228\/revisions"}],"wp:attachment":[{"href":"https:\/\/maintenance.plantenance.com\/fr\/wp-json\/wp\/v2\/media?parent=1228"}],"curies":[{"name":"wp","href":"https:\/\/api.w.org\/{rel}","templated":true}]}}